{"id":938,"date":"2013-11-12T16:45:27","date_gmt":"2013-11-12T16:45:27","guid":{"rendered":"http:\/\/artinice.lungolivigno.com\/?page_id=938"},"modified":"2013-12-04T16:34:00","modified_gmt":"2013-12-04T16:34:00","slug":"art-in-ice-2013","status":"publish","type":"page","link":"http:\/\/artinice.lungolivigno.com\/it\/art-in-ice-2013\/","title":{"rendered":"Art in Ice Ri-evolution"},"content":{"rendered":"<p>Art in Ice \u00e8 una manifestazione che di anno in anno \u00e8 cresciuta per importanza e partecipazione e che, insieme alle straordinarie piste da sci, rappresenta un motivo in pi\u00f9 per visitare la splendida valle di Livigno.<\/p>\n<p>Attraverso questo grande evento, <strong>da 18 anni<\/strong> a questa parte <strong>Lungolivigno e l\u2019associazione Art in Ice<\/strong> promuovono questo suggestivo <strong>connubio tra neve e arte<\/strong>. Per celebrare al meglio il suo diciottesimo anniversario, Art in Ice cambia forma diventando <strong>un happening artistico dal respiro internazionale<\/strong><b>. <\/b>Per l\u2019occasione si aggiorna anche nel nome: l\u2019edizione 2013 si chiamer\u00e0 <strong>Art in Ice Ri-evolution<\/strong>.<\/p>\n<p>Potenziando il proprio legame con l\u2019arte, <strong>il progetto<\/strong> Art in Ice abbandona il carattere di Concorso e viene <strong>affidato a un grande artista <\/strong>di fama mondiale come Michelangelo Pistoletto e alla sua innovativa organizzazione artistica Cittadellarte, con la cura di Chiara Bertola, critica e curatrice d\u02bcarte con esperienze internazionali nel campo dell\u02bcarte contemporanea, Chiara Bertola \u00e8 attuale responsabile per l&#8217;arte contemporanea alla Fondazione Querini Stampalia di Venezia e curatrice della Fondazione Furla di Bologna.<\/p>\n<div class=\"shortcode1-3\"><p> <a href=\"http:\/\/artinice.lungolivigno.com\/wp-content\/uploads\/2013\/10\/igloo1.jpg\"><img loading=\"lazy\" decoding=\"async\" class=\"alignnone size-medium wp-image-914\" alt=\"igloo1\" src=\"http:\/\/artinice.lungolivigno.com\/wp-content\/uploads\/2013\/10\/igloo1-300x221.jpg\" width=\"300\" height=\"221\" srcset=\"http:\/\/artinice.lungolivigno.com\/wp-content\/uploads\/2013\/10\/igloo1-300x221.jpg 300w, http:\/\/artinice.lungolivigno.com\/wp-content\/uploads\/2013\/10\/igloo1-311x230.jpg 311w, http:\/\/artinice.lungolivigno.com\/wp-content\/uploads\/2013\/10\/igloo1-80x60.jpg 80w, http:\/\/artinice.lungolivigno.com\/wp-content\/uploads\/2013\/10\/igloo1.jpg 626w\" sizes=\"auto, (max-width: 300px) 100vw, 300px\" \/><\/a>\u00a0<\/p>\n<\/div>\n<div class=\"shortcode1-3\"><p><a href=\"http:\/\/artinice.lungolivigno.com\/wp-content\/uploads\/2013\/10\/terzo-paradiso.jpg\"><img loading=\"lazy\" decoding=\"async\" class=\"alignnone size-medium wp-image-911\" alt=\"terzo-paradiso\" src=\"http:\/\/artinice.lungolivigno.com\/wp-content\/uploads\/2013\/10\/terzo-paradiso-300x148.jpg\" width=\"300\" height=\"148\" srcset=\"http:\/\/artinice.lungolivigno.com\/wp-content\/uploads\/2013\/10\/terzo-paradiso-300x148.jpg 300w, http:\/\/artinice.lungolivigno.com\/wp-content\/uploads\/2013\/10\/terzo-paradiso-464x230.jpg 464w, http:\/\/artinice.lungolivigno.com\/wp-content\/uploads\/2013\/10\/terzo-paradiso.jpg 683w\" sizes=\"auto, (max-width: 300px) 100vw, 300px\" \/><\/a><\/p>\n<\/div>\n<div class=\"shortcode1-3\"><p><a href=\"http:\/\/artinice.lungolivigno.com\/wp-content\/uploads\/2013\/11\/render.jpg\"><img loading=\"lazy\" decoding=\"async\" class=\"alignnone size-full wp-image-1014\" alt=\"render\" src=\"http:\/\/artinice.lungolivigno.com\/wp-content\/uploads\/2013\/11\/render.jpg\" width=\"626\" height=\"462\" srcset=\"http:\/\/artinice.lungolivigno.com\/wp-content\/uploads\/2013\/11\/render.jpg 626w, http:\/\/artinice.lungolivigno.com\/wp-content\/uploads\/2013\/11\/render-300x221.jpg 300w\" sizes=\"auto, (max-width: 626px) 100vw, 626px\" \/><\/a><\/p>\n<\/div>\n<div style=\"clear: both;\"><\/div>\n<p>Rifacendosi alla tradizione di Art in Ice, nel progetto per Lungolivigno il \u201c<strong>Terzo Paradiso<\/strong>\u201d di <strong>Pistoletto <\/strong>si trasforma tridimensionalmente in un grande igloo collegato a due igloo pi\u00f9 piccoli.<\/p>\n<p>All\u2019interno di questa struttura sar\u00e0 possibile ammirare le installazioni di Pistoletto, oltre ad alcuni video interattivi recentemente esposti al Louvre di Parigi, che presentano tre diversi temi molto cari all\u2019artista: architettura, <i>dialogo interculturale mediterraneo<\/i> e moda. Ambiti in cui si declina l&#8217;attivit\u00e0 di Cittadellarte, basata sul binomio creativit\u00e0 \/ responsabilit\u00e0.<\/p>\n<a href=\"http:\/\/artinice.lungolivigno.com\/art-in-ice-2013\/programma\/\" target=\"_self\" class=\"gdl-button shortcode-medium-button\" style=\"color:#ffffff; background-color:#000000; border-color:#000000; \">Scopri il programma dell'inaugurazione<\/a>\n<p><strong><\/strong><\/p>\n<p>&nbsp;<\/p>\n<p>Art in Ice Ri-evolution non \u00e8 un punto di arrivo, bens\u00ec un primo step di un percorso che continuer\u00e0 ad arricchirsi negli anni successivi.<\/p>","protected":false},"excerpt":{"rendered":"<p>Art in Ice \u00e8 una manifestazione che di anno in anno \u00e8 cresciuta per importanza e partecipazione e che, insieme alle straordinarie piste da sci, rappresenta un motivo in pi\u00f9 per visitare la splendida valle di Livigno. Attraverso questo grande evento, da 18 anni a questa parte Lungolivigno e l\u2019associazione Art in Ice promuovono questo suggestivo connubio tra neve e arte. Per celebrare al meglio il suo diciottesimo anniversario, Art in Ice cambia forma diventando un happening artistico dal respiro internazionale. Per l\u2019occasione si aggiorna anche nel nome: l\u2019edizione 2013 si chiamer\u00e0 Art in Ice Ri-evolution. Potenziando il proprio legame con l\u2019arte, il progetto Art in Ice abbandona il carattere di Concorso e viene affidato a un grande artista di fama mondiale come Michelangelo Pistoletto e alla sua innovativa organizzazione artistica Cittadellarte, con la cura di Chiara Bertola, critica e curatrice d\u02bcarte con esperienze internazionali nel campo dell\u02bcarte contemporanea, Chiara Bertola \u00e8 attuale responsabile per l&#8217;arte contemporanea alla Fondazione Querini Stampalia di Venezia e curatrice della Fondazione Furla di Bologna. Rifacendosi alla tradizione di Art in Ice, nel progetto per Lungolivigno il \u201cTerzo Paradiso\u201d di Pistoletto si trasforma tridimensionalmente in un grande igloo collegato a due igloo pi\u00f9 piccoli. All\u2019interno di questa struttura sar\u00e0 possibile ammirare le installazioni di Pistoletto, oltre ad alcuni video interattivi recentemente esposti al Louvre di Parigi, che presentano tre diversi temi molto cari all\u2019artista: architettura, dialogo interculturale mediterraneo e moda. Ambiti in cui si declina l&#8217;attivit\u00e0 di Cittadellarte, basata sul binomio creativit\u00e0 \/ responsabilit\u00e0. &nbsp; Art in Ice Ri-evolution non \u00e8 un punto di arrivo, bens\u00ec un primo step di un percorso che continuer\u00e0 ad arricchirsi negli anni successivi.<\/p>\n","protected":false},"author":3,"featured_media":0,"parent":0,"menu_order":0,"comment_status":"open","ping_status":"open","template":"","meta":{"footnotes":""},"class_list":["post-938","page","type-page","status-publish","hentry"],"_links":{"self":[{"href":"http:\/\/artinice.lungolivigno.com\/it\/wp-json\/wp\/v2\/pages\/938","targetHints":{"allow":["GET"]}}],"collection":[{"href":"http:\/\/artinice.lungolivigno.com\/it\/wp-json\/wp\/v2\/pages"}],"about":[{"href":"http:\/\/artinice.lungolivigno.com\/it\/wp-json\/wp\/v2\/types\/page"}],"author":[{"embeddable":true,"href":"http:\/\/artinice.lungolivigno.com\/it\/wp-json\/wp\/v2\/users\/3"}],"replies":[{"embeddable":true,"href":"http:\/\/artinice.lungolivigno.com\/it\/wp-json\/wp\/v2\/comments?post=938"}],"version-history":[{"count":0,"href":"http:\/\/artinice.lungolivigno.com\/it\/wp-json\/wp\/v2\/pages\/938\/revisions"}],"wp:attachment":[{"href":"http:\/\/artinice.lungolivigno.com\/it\/wp-json\/wp\/v2\/media?parent=938"}],"curies":[{"name":"wp","href":"https:\/\/api.w.org\/{rel}","templated":true}]}}